{"id":118,"date":"2019-08-01T11:24:06","date_gmt":"2019-08-01T08:24:06","guid":{"rendered":"http:\/\/www.liftplusasansor.com\/?page_id=118"},"modified":"2019-08-02T16:01:10","modified_gmt":"2019-08-02T13:01:10","slug":"montaj","status":"publish","type":"page","link":"https:\/\/www.liftplusasansor.com\/index.php\/montaj\/","title":{"rendered":"MONTAJ"},"content":{"rendered":"<p><img loading=\"lazy\" class=\"alignnone size-medium wp-image-158\" src=\"http:\/\/www.liftplusasansor.com\/wp-content\/uploads\/2019\/08\/IMG_0208-Roll-Yap\u0131m-copy-200x300.jpg\" alt=\"\" width=\"200\" height=\"300\" srcset=\"https:\/\/www.liftplusasansor.com\/wp-content\/uploads\/2019\/08\/IMG_0208-Roll-Yap\u0131m-copy-200x300.jpg 200w, https:\/\/www.liftplusasansor.com\/wp-content\/uploads\/2019\/08\/IMG_0208-Roll-Yap\u0131m-copy-768x1152.jpg 768w, https:\/\/www.liftplusasansor.com\/wp-content\/uploads\/2019\/08\/IMG_0208-Roll-Yap\u0131m-copy-683x1024.jpg 683w, https:\/\/www.liftplusasansor.com\/wp-content\/uploads\/2019\/08\/IMG_0208-Roll-Yap\u0131m-copy.jpg 1000w\" sizes=\"(max-width: 200px) 100vw, 200px\" \/> <img loading=\"lazy\" class=\"alignnone size-medium wp-image-145\" src=\"http:\/\/www.liftplusasansor.com\/wp-content\/uploads\/2019\/08\/330-1-220x300.jpg\" alt=\"\" width=\"220\" height=\"300\" srcset=\"https:\/\/www.liftplusasansor.com\/wp-content\/uploads\/2019\/08\/330-1-220x300.jpg 220w, https:\/\/www.liftplusasansor.com\/wp-content\/uploads\/2019\/08\/330-1-768x1049.jpg 768w, https:\/\/www.liftplusasansor.com\/wp-content\/uploads\/2019\/08\/330-1-750x1024.jpg 750w\" sizes=\"(max-width: 220px) 100vw, 220px\" \/> <img loading=\"lazy\" class=\"alignnone size-medium wp-image-162\" src=\"http:\/\/www.liftplusasansor.com\/wp-content\/uploads\/2019\/08\/IMG_0333-Roll-Yap\u0131m-copy-200x300.jpg\" alt=\"\" width=\"200\" height=\"300\" srcset=\"https:\/\/www.liftplusasansor.com\/wp-content\/uploads\/2019\/08\/IMG_0333-Roll-Yap\u0131m-copy-200x300.jpg 200w, https:\/\/www.liftplusasansor.com\/wp-content\/uploads\/2019\/08\/IMG_0333-Roll-Yap\u0131m-copy-768x1152.jpg 768w, https:\/\/www.liftplusasansor.com\/wp-content\/uploads\/2019\/08\/IMG_0333-Roll-Yap\u0131m-copy-683x1024.jpg 683w, https:\/\/www.liftplusasansor.com\/wp-content\/uploads\/2019\/08\/IMG_0333-Roll-Yap\u0131m-copy.jpg 1000w\" sizes=\"(max-width: 200px) 100vw, 200px\" \/><\/p>\n<p><strong>Liftplus Asans\u00f6r\u00a0 olarak projelerinize ve mimari dizayn\u0131n\u0131za \u00f6zel \u00fcr\u00fcnler tasarlamaktay\u0131z. \u00a0<\/strong><\/p>\n","protected":false},"excerpt":{"rendered":"<p>Liftplus Asans\u00f6r\u00a0 olarak projelerinize ve mimari dizayn\u0131n\u0131za \u00f6zel \u00fcr\u00fcnler tasarlamaktay\u0131z. \u00a0<\/p>\n","protected":false},"author":1,"featured_media":0,"parent":0,"menu_order":0,"comment_status":"closed","ping_status":"closed","template":"","meta":[],"_links":{"self":[{"href":"https:\/\/www.liftplusasansor.com\/index.php\/wp-json\/wp\/v2\/pages\/118"}],"collection":[{"href":"https:\/\/www.liftplusasansor.com\/index.php\/wp-json\/wp\/v2\/pages"}],"about":[{"href":"https:\/\/www.liftplusasansor.com\/index.php\/wp-json\/wp\/v2\/types\/page"}],"author":[{"embeddable":true,"href":"https:\/\/www.liftplusasansor.com\/index.php\/wp-json\/wp\/v2\/users\/1"}],"replies":[{"embeddable":true,"href":"https:\/\/www.liftplusasansor.com\/index.php\/wp-json\/wp\/v2\/comments?post=118"}],"version-history":[{"count":3,"href":"https:\/\/www.liftplusasansor.com\/index.php\/wp-json\/wp\/v2\/pages\/118\/revisions"}],"predecessor-version":[{"id":166,"href":"https:\/\/www.liftplusasansor.com\/index.php\/wp-json\/wp\/v2\/pages\/118\/revisions\/166"}],"wp:attachment":[{"href":"https:\/\/www.liftplusasansor.com\/index.php\/wp-json\/wp\/v2\/media?parent=118"}],"curies":[{"name":"wp","href":"https:\/\/api.w.org\/{rel}","templated":true}]}}