{"id":53,"date":"2018-11-14T10:49:23","date_gmt":"2018-11-14T07:49:23","guid":{"rendered":"http:\/\/www.liftplusasansor.com\/?page_id=53"},"modified":"2019-09-10T12:27:55","modified_gmt":"2019-09-10T09:27:55","slug":"iletisim","status":"publish","type":"page","link":"https:\/\/www.liftplusasansor.com\/index.php\/iletisim\/","title":{"rendered":"\u0130LET\u0130\u015e\u0130M"},"content":{"rendered":"<p><strong>ADRES\u00a0\u00a0\u00a0\u00a0\u00a0 :<\/strong> 1. Anafartalar Mah. Avni Gemicio\u011flu Cad. No: 21\/A \u015eehzadeler\/MAN\u0130SA<\/p>\n<p><strong>TELEFON :<\/strong> 0(236) 233 13 14- 231 28 16<\/p>\n<p><strong>E-MAIL\u00a0\u00a0\u00a0 :<\/strong> liftplusasansor@gmail.com<\/p>\n<p>&nbsp;<\/p>\n<p>&nbsp;<\/p>\n","protected":false},"excerpt":{"rendered":"<p>ADRES\u00a0\u00a0\u00a0\u00a0\u00a0 : 1. Anafartalar Mah. Avni Gemicio\u011flu Cad. No: 21\/A \u015eehzadeler\/MAN\u0130SA TELEFON : 0(236) 233 13 14- 231 28 16 E-MAIL\u00a0\u00a0\u00a0 : liftplusasansor@gmail.com &nbsp; &nbsp;<\/p>\n","protected":false},"author":1,"featured_media":0,"parent":0,"menu_order":0,"comment_status":"closed","ping_status":"closed","template":"","meta":[],"_links":{"self":[{"href":"https:\/\/www.liftplusasansor.com\/index.php\/wp-json\/wp\/v2\/pages\/53"}],"collection":[{"href":"https:\/\/www.liftplusasansor.com\/index.php\/wp-json\/wp\/v2\/pages"}],"about":[{"href":"https:\/\/www.liftplusasansor.com\/index.php\/wp-json\/wp\/v2\/types\/page"}],"author":[{"embeddable":true,"href":"https:\/\/www.liftplusasansor.com\/index.php\/wp-json\/wp\/v2\/users\/1"}],"replies":[{"embeddable":true,"href":"https:\/\/www.liftplusasansor.com\/index.php\/wp-json\/wp\/v2\/comments?post=53"}],"version-history":[{"count":3,"href":"https:\/\/www.liftplusasansor.com\/index.php\/wp-json\/wp\/v2\/pages\/53\/revisions"}],"predecessor-version":[{"id":171,"href":"https:\/\/www.liftplusasansor.com\/index.php\/wp-json\/wp\/v2\/pages\/53\/revisions\/171"}],"wp:attachment":[{"href":"https:\/\/www.liftplusasansor.com\/index.php\/wp-json\/wp\/v2\/media?parent=53"}],"curies":[{"name":"wp","href":"https:\/\/api.w.org\/{rel}","templated":true}]}}