{"id":54,"date":"2018-11-14T10:49:23","date_gmt":"2018-11-14T07:49:23","guid":{"rendered":"http:\/\/www.liftplusasansor.com\/?page_id=54"},"modified":"2021-04-13T10:02:00","modified_gmt":"2021-04-13T07:02:00","slug":"dokumanlar","status":"publish","type":"page","link":"https:\/\/www.liftplusasansor.com\/index.php\/dokumanlar\/","title":{"rendered":"D\u00d6K\u00dcMANLAR"},"content":{"rendered":"<p class=\"Default\" align=\"center\"><strong>KVKK HAK B\u0130LD\u0130RGES\u0130<\/strong><\/p>\n<p class=\"Default\">\u00a0\u00a0\u00a0\u00a0\u00a0\u00a0\u00a0\u00a0\u00a0 Ki\u015fisel veri sahipleri olarak, haklar\u0131n\u0131za ili\u015fkin taleplerinizi www.liftplusasansor.com internet adresinden kamuoyu ile payla\u015f\u0131lm\u0131\u015f LIFT PLUS ASANS\u00d6R SAN.T\u0130C.LTD.\u015eT\u0130. Ki\u015fisel Verilerin Korunmas\u0131 ve \u0130\u015flenmesi Politikas\u0131nda d\u00fczenlenen y\u00f6ntemlerle LIFT PLUS ASANS\u00d6R SAN.T\u0130C.LTD.\u015eT\u0130.\u2019ne iletmeniz durumunda \u015firketimiz talebin niteli\u011fine g\u00f6re talebi en k\u0131sa s\u00fcrede ve en ge\u00e7 otuz g\u00fcn i\u00e7inde sonu\u00e7land\u0131racakt\u0131r. Ancak, i\u015flemin ayr\u0131ca bir maliyeti gerektirmesi h\u00e2linde, LIFT PLUS ASANS\u00d6R SAN. T\u0130C. LTD. \u015eT\u0130. taraf\u0131ndan Ki\u015fisel Verileri Koruma Kurulunca belirlenen tarifedeki \u00fccret al\u0131nacakt\u0131r. Bu kapsamda ki\u015fisel veri sahipleri;<\/p>\n<p class=\"Default\">&#8211; Ki\u015fisel veri i\u015flenip i\u015flenmedi\u011fini \u00f6\u011frenme,<\/p>\n<p class=\"Default\">&#8211; Ki\u015fisel verileri i\u015flenmi\u015fse buna ili\u015fkin bilgi talep etme,<\/p>\n<p class=\"Default\">&#8211; Ki\u015fisel verilerin i\u015flenme amac\u0131n\u0131 ve bunlar\u0131n amac\u0131na uygun kullan\u0131l\u0131p kullan\u0131lmad\u0131\u011f\u0131n\u0131 \u00f6\u011frenme,<\/p>\n<p class=\"Default\">&#8211; Yurt i\u00e7inde ki\u015fisel verilerin aktar\u0131ld\u0131\u011f\u0131 \u00fc\u00e7\u00fcnc\u00fc ki\u015fileri bilme,<\/p>\n<p class=\"Default\">&#8211; Ki\u015fisel verilerin eksik veya yanl\u0131\u015f i\u015flenmi\u015f olmas\u0131 h\u00e2linde bunlar\u0131n d\u00fczeltilmesini isteme ve bu kapsamda yap\u0131lan i\u015flemin ki\u015fisel verilerin aktar\u0131ld\u0131\u011f\u0131 \u00fc\u00e7\u00fcnc\u00fc ki\u015filere bildirilmesini isteme,<\/p>\n<p class=\"Default\">&#8211; KVKK ve ilgili di\u011fer kanun h\u00fck\u00fcmlerine uygun olarak i\u015flenmi\u015f olmas\u0131na ra\u011fmen, i\u015flenmesini gerektiren sebeplerin ortadan kalkmas\u0131 h\u00e2linde ki\u015fisel verilerin silinmesini veya yok edilmesini isteme ve bu kapsamda yap\u0131lan i\u015flemin ki\u015fisel verilerin aktar\u0131ld\u0131\u011f\u0131 \u00fc\u00e7\u00fcnc\u00fc ki\u015filere bildirilmesini isteme,<\/p>\n<p class=\"Default\">&#8211; \u0130\u015flenen verilerin m\u00fcnhas\u0131ran otomatik sistemler vas\u0131tas\u0131yla analiz edilmesi suretiyle ki\u015finin kendisi aleyhine bir sonucun ortaya \u00e7\u0131kmas\u0131na itiraz etme,<\/p>\n<p class=\"Default\">&#8211; Ki\u015fisel verilerin kanuna ayk\u0131r\u0131 olarak i\u015flenmesi sebebiyle zarara u\u011framas\u0131 h\u00e2linde zarar\u0131n giderilmesini talep etme, haklar\u0131na sahiptirler.<\/p>\n<p class=\"Default\">\u00a0\u00a0\u00a0\u00a0\u00a0\u00a0\u00a0\u00a0\u00a0 Ba\u015fvurunun reddedilmesi, verilen cevab\u0131n yetersiz bulunmas\u0131 veya s\u00fcresinde ba\u015fvuruya cevap verilmemesi h\u00e2llerinde; ilgili ki\u015fi, veri sorumlusunun cevab\u0131n\u0131 \u00f6\u011frendi\u011fi tarihten itibaren otuz ve her h\u00e2lde ba\u015fvuru tarihinden itibaren altm\u0131\u015f g\u00fcn i\u00e7inde Ki\u015fisel Verileri Koruma Kurulu\u2019na \u015fik\u00e2yette bulunabilir.<\/p>\n<p class=\"Default\">\u00a0\u00a0\u00a0\u00a0\u00a0\u00a0\u00a0\u00a0\u00a0 Kanunun 13 \u00fcnc\u00fc maddesi uyar\u0131nca ba\u015fvuru yolu t\u00fcketilmeden \u015fik\u00e2yet yoluna ba\u015fvurulamaz.<\/p>\n<p class=\"Default\">\u00a0\u00a0\u00a0\u00a0\u00a0\u00a0\u00a0\u00a0\u00a0 Uluslararas\u0131 mevzuat kapsam\u0131nda da ilgili ki\u015finin yukar\u0131da say\u0131lan haklar\u0131 d\u0131\u015f\u0131nda; ki\u015fisel verilerinin i\u015flenmesinin k\u0131s\u0131tlanmas\u0131n\u0131 talep etme ve ki\u015fisel verilerin i\u015flenmesi veya aktar\u0131lmas\u0131na ili\u015fkin r\u0131zas\u0131n\u0131 geri \u00e7ekme hakk\u0131 da mevcuttur ve \u015firketimiz taraf\u0131ndan uygulanmaktad\u0131r.<\/p>\n","protected":false},"excerpt":{"rendered":"<p>KVKK HAK B\u0130LD\u0130RGES\u0130 \u00a0\u00a0\u00a0\u00a0\u00a0\u00a0\u00a0\u00a0\u00a0 Ki\u015fisel veri sahipleri olarak, haklar\u0131n\u0131za ili\u015fkin taleplerinizi www.liftplusasansor.com internet adresinden kamuoyu ile payla\u015f\u0131lm\u0131\u015f LIFT PLUS ASANS\u00d6R SAN.T\u0130C.LTD.\u015eT\u0130. Ki\u015fisel Verilerin Korunmas\u0131 ve \u0130\u015flenmesi Politikas\u0131nda d\u00fczenlenen y\u00f6ntemlerle LIFT PLUS ASANS\u00d6R SAN.T\u0130C.LTD.\u015eT\u0130.\u2019ne iletmeniz durumunda \u015firketimiz talebin niteli\u011fine g\u00f6re talebi en k\u0131sa s\u00fcrede ve en ge\u00e7 otuz g\u00fcn i\u00e7inde sonu\u00e7land\u0131racakt\u0131r. Ancak, i\u015flemin ayr\u0131ca bir maliyeti &#8230; <a title=\"D\u00d6K\u00dcMANLAR\" class=\"read-more\" href=\"https:\/\/www.liftplusasansor.com\/index.php\/dokumanlar\/\" aria-label=\"More on D\u00d6K\u00dcMANLAR\">Devam\u0131n\u0131 oku&#8230;<\/a><\/p>\n","protected":false},"author":1,"featured_media":0,"parent":0,"menu_order":0,"comment_status":"closed","ping_status":"closed","template":"","meta":[],"_links":{"self":[{"href":"https:\/\/www.liftplusasansor.com\/index.php\/wp-json\/wp\/v2\/pages\/54"}],"collection":[{"href":"https:\/\/www.liftplusasansor.com\/index.php\/wp-json\/wp\/v2\/pages"}],"about":[{"href":"https:\/\/www.liftplusasansor.com\/index.php\/wp-json\/wp\/v2\/types\/page"}],"author":[{"embeddable":true,"href":"https:\/\/www.liftplusasansor.com\/index.php\/wp-json\/wp\/v2\/users\/1"}],"replies":[{"embeddable":true,"href":"https:\/\/www.liftplusasansor.com\/index.php\/wp-json\/wp\/v2\/comments?post=54"}],"version-history":[{"count":3,"href":"https:\/\/www.liftplusasansor.com\/index.php\/wp-json\/wp\/v2\/pages\/54\/revisions"}],"predecessor-version":[{"id":248,"href":"https:\/\/www.liftplusasansor.com\/index.php\/wp-json\/wp\/v2\/pages\/54\/revisions\/248"}],"wp:attachment":[{"href":"https:\/\/www.liftplusasansor.com\/index.php\/wp-json\/wp\/v2\/media?parent=54"}],"curies":[{"name":"wp","href":"https:\/\/api.w.org\/{rel}","templated":true}]}}